{"id":2,"date":"2025-07-23T14:38:37","date_gmt":"2025-07-23T14:38:37","guid":{"rendered":"https:\/\/bonicalzi.com\/wordpress\/?page_id=2"},"modified":"2026-03-03T18:11:55","modified_gmt":"2026-03-03T18:11:55","slug":"sample-page","status":"publish","type":"page","link":"https:\/\/www.bonicalzi.com\/","title":{"rendered":"HOMEPAGE"},"content":{"rendered":"\n<p class=\"has-text-align-center\">Lo Studio Bonicalzi nasce per offrire un <strong>servizio completo e affidabile<\/strong> nella cura e nell\u2019amministrazione di condomini.<br>Con un approccio fondato su <strong>metodo, trasparenza<\/strong> <strong>e continuit\u00e0,<\/strong> seguiamo ogni aspetto gestionale con attenzione ai dettagli e alle esigenze specifiche di ciascun cliente. <strong>La nostra priorit\u00e0 \u00e8 garantire un\u2019amministrazione ordinata ed efficiente, <\/strong>preservando il valore dei condomini nel tempo e assicurando rapporti chiari e diretti con tutti gli interlocutori coinvolti.<br><br><br><br><br><br>Mappa aggiornata a marzo 2026<br><\/p>\n\n\n\n<div class=\"map-wrapper\">\n  <div class=\"map-title\">LE NOSTRE GESTIONI<\/div>\n\n  <iframe \n    src=\"https:\/\/www.google.com\/maps\/d\/u\/1\/embed?mid=18hKqQyWKSzLCT6ejV_J5hkT2RSoNzP0&#038;ehbc=2E312F&#038;noprof=1\"\n    width=\"100%\"\n    height=\"480\"\n    style=\"border:0;\">\n  <\/iframe>\n<\/div>\n\n\n\n<div style=\"height:228px\" aria-hidden=\"true\" class=\"wp-block-spacer\"><\/div>\n\n\n\n<div class=\"wp-block-group alignwide is-content-justification-space-between is-layout-flex wp-container-core-group-is-layout-b585a4aa wp-block-group-is-layout-flex\">\n<p class=\"has-small-font-size\">Via Albani, 27 \u2013 20148 Milano<br>Lo studio \u00e8 aperto dal luned\u00ec al venerd\u00ec<br>dalle 9 alle 13 e dalle 14 alle 17<br>Servizio di emergenza attivo negli orari e giorni<br>di chiusura dello studio<\/p>\n\n\n\n<p class=\"has-small-font-size\">TEL: 02.82196923<br>studio@bonicalzi.com<br>CF: BNCNDR72A03F205B<br>P.IVA: 04115190961&nbsp;<\/p>\n\n\n\n<figure class=\"wp-block-gallery has-nested-images columns-default is-cropped wp-block-gallery-1 is-layout-flex wp-block-gallery-is-layout-flex\">\n<figure class=\"wp-block-image size-large\"><img decoding=\"async\" width=\"96\" height=\"119\" data-id=\"211\" src=\"https:\/\/www.bonicalzi.com\/wordpress\/wp-content\/uploads\/2025\/08\/Logo-ANACI-240x300-2.png\" alt=\"\" class=\"wp-image-211\"\/><\/figure>\n<\/figure>\n<\/div>\n\n\n\n<div style=\"height:100px\" aria-hidden=\"true\" class=\"wp-block-spacer\"><\/div>\n\n\n\n<div class=\"wp-block-group alignfull has-background-color\" style=\"margin-top:0;margin-bottom:0;padding-top:var(--wp--preset--spacing--40);padding-right:var(--wp--preset--spacing--30);padding-bottom:var(--wp--preset--spacing--40);padding-left:var(--wp--preset--spacing--30)\"><div class=\"wp-block-group__inner-container is-layout-constrained wp-container-core-group-is-layout-5d2f8bdc wp-block-group-is-layout-constrained\">\n<div class=\"wp-block-group alignwide is-content-justification-space-between is-layout-flex wp-container-core-group-is-layout-b585a4aa wp-block-group-is-layout-flex\">\n<p class=\"has-small-font-size\">Proudly designed by <a href=\"https:\/\/www.praiaduomo.com\/\" data-type=\"link\" data-id=\"https:\/\/www.praiaduomo.com\/\" target=\"_blank\" rel=\"noreferrer noopener\">praiaduomo.com<\/a><\/p>\n<\/div>\n<\/div><\/div>\n\n\n\n<p><\/p>\n","protected":false},"excerpt":{"rendered":"<p>Lo Studio Bonicalzi nasce per offrire un servizio completo e affidabile nella cura e nell\u2019amministrazione di condomini.Con un approccio fondato su metodo, trasparenza e continuit\u00e0, seguiamo ogni aspetto gestionale con attenzione ai dettagli e alle esigenze specifiche di ciascun cliente. La nostra priorit\u00e0 \u00e8 garantire un\u2019amministrazione ordinata ed efficiente, preservando [&hellip;]<\/p>\n","protected":false},"author":1,"featured_media":30,"parent":0,"menu_order":0,"comment_status":"open","ping_status":"open","template":"","meta":{"_themeisle_gutenberg_block_has_review":false,"footnotes":""},"class_list":["post-2","page","type-page","status-publish","has-post-thumbnail","hentry"],"_links":{"self":[{"href":"https:\/\/www.bonicalzi.com\/index.php?rest_route=\/wp\/v2\/pages\/2","targetHints":{"allow":["GET"]}}],"collection":[{"href":"https:\/\/www.bonicalzi.com\/index.php?rest_route=\/wp\/v2\/pages"}],"about":[{"href":"https:\/\/www.bonicalzi.com\/index.php?rest_route=\/wp\/v2\/types\/page"}],"author":[{"embeddable":true,"href":"https:\/\/www.bonicalzi.com\/index.php?rest_route=\/wp\/v2\/users\/1"}],"replies":[{"embeddable":true,"href":"https:\/\/www.bonicalzi.com\/index.php?rest_route=%2Fwp%2Fv2%2Fcomments&post=2"}],"version-history":[{"count":80,"href":"https:\/\/www.bonicalzi.com\/index.php?rest_route=\/wp\/v2\/pages\/2\/revisions"}],"predecessor-version":[{"id":484,"href":"https:\/\/www.bonicalzi.com\/index.php?rest_route=\/wp\/v2\/pages\/2\/revisions\/484"}],"wp:featuredmedia":[{"embeddable":true,"href":"https:\/\/www.bonicalzi.com\/index.php?rest_route=\/wp\/v2\/media\/30"}],"wp:attachment":[{"href":"https:\/\/www.bonicalzi.com\/index.php?rest_route=%2Fwp%2Fv2%2Fmedia&parent=2"}],"curies":[{"name":"wp","href":"https:\/\/api.w.org\/{rel}","templated":true}]}}